{"id":34,"date":"2023-09-26T14:12:04","date_gmt":"2023-09-26T12:12:04","guid":{"rendered":"https:\/\/www.fg-berlin.eu\/blogs\/webradio\/?page_id=34"},"modified":"2023-10-09T23:18:28","modified_gmt":"2023-10-09T21:18:28","slug":"a-propos","status":"publish","type":"page","link":"https:\/\/www.fg-berlin.eu\/blogs\/webradio\/a-propos\/","title":{"rendered":"A propos"},"content":{"rendered":"\n<p>Bonjour \u00e0 toutes et \u00e0 tous,&nbsp;<\/p>\n\n\n\n<p>Nous sommes Emma et Julien, les nouveaux animateurs de la webradio !&nbsp;<\/p>\n\n\n\n<p>Respectivement arriv\u00e9s tout droit de Nantes et de Paris. Nous sommes impatients \u00e0 l\u2019id\u00e9e de partager cette nouvelle ann\u00e9e avec vous, \u00e9l\u00e8ves, professeurs et parents du FG Berlin.&nbsp;<\/p>\n\n\n\n<p>L\u2019id\u00e9e de la webradio est de partager du contenu divertissant, \u00e9ducatif, mais surtout diversifi\u00e9 afin de plaire au plus grand nombre. Au programme : podcasts, interviews, chroniques, flash info, \u00e9dito, d\u00e9bats et bien plus encore et ce, toujours dans la bonne humeur et le respect de chacun !&nbsp;Cette plateforme fonctionne aussi \u00e0 travers vos envies, vos id\u00e9es et vos projets. C\u2019est pour cela que l\u2019on reste \u00e0 votre \u00e9coute, alors n\u2019h\u00e9sitez pas \u00e0 venir nous voir en salle de permanence (104), nous contacter sur notre adresse mail <a href=\"mailto:webradio@fg-berlin.eu\">webradio@fg-berlin.eu<\/a> , ou directement sur Instagram : radio.fgb<\/p>\n","protected":false},"excerpt":{"rendered":"<p>Bonjour \u00e0 toutes et \u00e0 tous,&nbsp; Nous sommes Emma et Julien, les nouveaux animateurs de la webradio !&nbsp; Respectivement arriv\u00e9s tout droit de Nantes et de Paris. Nous sommes impatients \u00e0 l\u2019id\u00e9e de partager cette nouvelle ann\u00e9e avec vous, \u00e9l\u00e8ves, professeurs et parents du FG Berlin.&nbsp; L\u2019id\u00e9e de la webradio est de partager du contenu [&hellip;]<\/p>\n","protected":false},"author":582,"featured_media":0,"parent":0,"menu_order":0,"comment_status":"closed","ping_status":"closed","template":"wp-custom-template-page-entete-minimal","meta":{"footnotes":""},"class_list":["post-34","page","type-page","status-publish","hentry"],"_links":{"self":[{"href":"https:\/\/www.fg-berlin.eu\/blogs\/webradio\/wp-json\/wp\/v2\/pages\/34","targetHints":{"allow":["GET"]}}],"collection":[{"href":"https:\/\/www.fg-berlin.eu\/blogs\/webradio\/wp-json\/wp\/v2\/pages"}],"about":[{"href":"https:\/\/www.fg-berlin.eu\/blogs\/webradio\/wp-json\/wp\/v2\/types\/page"}],"author":[{"embeddable":true,"href":"https:\/\/www.fg-berlin.eu\/blogs\/webradio\/wp-json\/wp\/v2\/users\/582"}],"replies":[{"embeddable":true,"href":"https:\/\/www.fg-berlin.eu\/blogs\/webradio\/wp-json\/wp\/v2\/comments?post=34"}],"version-history":[{"count":2,"href":"https:\/\/www.fg-berlin.eu\/blogs\/webradio\/wp-json\/wp\/v2\/pages\/34\/revisions"}],"predecessor-version":[{"id":93,"href":"https:\/\/www.fg-berlin.eu\/blogs\/webradio\/wp-json\/wp\/v2\/pages\/34\/revisions\/93"}],"wp:attachment":[{"href":"https:\/\/www.fg-berlin.eu\/blogs\/webradio\/wp-json\/wp\/v2\/media?parent=34"}],"curies":[{"name":"wp","href":"https:\/\/api.w.org\/{rel}","templated":true}]}}