{"id":32,"date":"2023-09-26T14:11:19","date_gmt":"2023-09-26T12:11:19","guid":{"rendered":"https:\/\/www.fg-berlin.eu\/blogs\/webradio\/?page_id=32"},"modified":"2023-10-09T23:19:03","modified_gmt":"2023-10-09T21:19:03","slug":"mentions-legales","status":"publish","type":"page","link":"https:\/\/www.fg-berlin.eu\/blogs\/webradio\/mentions-legales\/","title":{"rendered":"Mentions l\u00e9gales"},"content":{"rendered":"\n<p>Das Franz\u00f6sische Gymnasium freut sich \u00fcber Ihren Besuch auf dieser Website und Ihr Interesse an unserem Angebot.<\/p>\n\n\n\n<p><strong>Angaben zum Franz\u00f6sischen Gymnasium:<\/strong><\/p>\n\n\n\n<p>Diese Website wird vom Franz\u00f6sischen Gymnasium, Derfflingerstr. 7, 10785 Berlin, Tel : 030\/2575 8910\/11, Fax : 030\/2575 8919, betrieben.<\/p>\n\n\n\n<p>Das Franz\u00f6sische Gymnasium wird vertreten durch die Schulleiterin, Frau Studiendirektorin I. Steinke.<\/p>\n\n\n\n<p>Eine Kontaktaufnahme ist auch per E-Mail m\u00f6glich : siehe Kontakte\/Verwaltung.<\/p>\n\n\n\n<p>Verantwortlicher im Sinne des \u00a7 6 Abs. 2 MDstV : Oberstudiendirektorin I. Steinke, Franz\u00f6sisches Gymnasium, Derfflingerstr. 7, 10785 Berlin.<\/p>\n\n\n\n<p>Schultr\u00e4ger : Senatsschulverwaltung, Stabsstelle der zentral verwalteten Schulen unter der Leitung von Frau Orgis,<br>Bernhard-Wei\u00df-Stra\u00dfe 6, 10178 Berlin<\/p>\n\n\n\n<p>Zust\u00e4ndiges Aufsichtsorgan : Land Berlin, vertreten durch die Senatsverwaltung f\u00fcr Bildung, Jugend und Sport, Referat I B, Beuthstr. 6, 10117 Berlin, Tel : 030\/9026-7.<\/p>\n\n\n\n<p><strong>Datenschutz<\/strong><\/p>\n\n\n\n<p>Unsere Seite ist f\u00fcr alle interessierten Besucher bestimmt. Ihre pers\u00f6nlichen Daten werden in \u00dcbereinstimmung mit den Datenchutzbestimmungen der Bundesrepublik Deutschland gespeichert und weiterverwendet.<\/p>\n\n\n\n<p><strong>Urheberrechte<\/strong><\/p>\n\n\n\n<p>Copyright Franz\u00f6sisches Gymnasium, Berlin (Deutschland). Alle Rechte bleiben vorbehalten. Text, Bilder, Graphiken, Sound, Animation und Videos sowie deren Anordnung auf der Website unterliegen dem Schutz des Urheberrechts. Der Inhalt dieser Seite darf nicht zu kommerziellen Zwecken verarbeitet, ver\u00e4ndert, kopiert oder Dritten zug\u00e4nglich gemacht oder sonst wie genutzt werden. Wir weisen au\u00dferdem darauf hin, dass auf den Websites enthaltene Bilder teilweise dem Urheberrecht Dritter unterliegen.<\/p>\n\n\n\n<p><strong>Haftung<\/strong><\/p>\n\n\n\n<p>Diese Website wurde mit gr\u00f6\u00dftm\u00f6glicher Sorgfalt zusammengestellt. Trotzdem kann keine Gew\u00e4hr f\u00fcr die Fehlerfreiheit und Genauigkeit der enthaltenen Informationen \u00fcbernommen weden. Jegliche Haftung f\u00fcr Sch\u00e4den, die direkt oder indirekt aus der Benutzung dieser Website entstehen, wird ausgeschlossen, soweit diese nicht auf Vorsatz oder grober Fahrl\u00e4ssigkeit beruhen. Der Ausschluss der Haftung gilt enbenfalls nicht f\u00fcr Sch\u00e4den aus der Verletzung des Lebens, des K\u00f6rpers oder der Gesundheit, soweit diese auf Fahrl\u00e4ssigkeit oder Vorsatz beruhen. Sofern von dieser Website auf Internetseiten verwiesen wird, die von Dritten betrieben werden (Hyperlinks), \u00fcbernimmt das Franz\u00f6sische Gymnasium keine Verantwortung f\u00fcr deren Inhalte.<\/p>\n\n\n\n<p><strong>Nutzungsrechte<\/strong><\/p>\n\n\n\n<p>Das Franz\u00f6sische Gymnasium m\u00f6chte sich Ihnen mit einer innovativen und informativen Website pr\u00e4sentieren. Das darin enthaltene geistige Eigentum ist gesch\u00fctzt. Durch diese Website werden weder Lizenzen zur Nutzung des geistigen Eigentums von Unternehmen des Franz\u00f6sischen Gymnasuiums, noch von Dritten erteilt.<\/p>\n","protected":false},"excerpt":{"rendered":"<p>Das Franz\u00f6sische Gymnasium freut sich \u00fcber Ihren Besuch auf dieser Website und Ihr Interesse an unserem Angebot. Angaben zum Franz\u00f6sischen Gymnasium: Diese Website wird vom Franz\u00f6sischen Gymnasium, Derfflingerstr. 7, 10785 Berlin, Tel : 030\/2575 8910\/11, Fax : 030\/2575 8919, betrieben. Das Franz\u00f6sische Gymnasium wird vertreten durch die Schulleiterin, Frau Studiendirektorin I. Steinke. Eine Kontaktaufnahme ist [&hellip;]<\/p>\n","protected":false},"author":582,"featured_media":0,"parent":0,"menu_order":0,"comment_status":"closed","ping_status":"closed","template":"wp-custom-template-page-entete-minimal","meta":{"footnotes":""},"class_list":["post-32","page","type-page","status-publish","hentry"],"_links":{"self":[{"href":"https:\/\/www.fg-berlin.eu\/blogs\/webradio\/wp-json\/wp\/v2\/pages\/32","targetHints":{"allow":["GET"]}}],"collection":[{"href":"https:\/\/www.fg-berlin.eu\/blogs\/webradio\/wp-json\/wp\/v2\/pages"}],"about":[{"href":"https:\/\/www.fg-berlin.eu\/blogs\/webradio\/wp-json\/wp\/v2\/types\/page"}],"author":[{"embeddable":true,"href":"https:\/\/www.fg-berlin.eu\/blogs\/webradio\/wp-json\/wp\/v2\/users\/582"}],"replies":[{"embeddable":true,"href":"https:\/\/www.fg-berlin.eu\/blogs\/webradio\/wp-json\/wp\/v2\/comments?post=32"}],"version-history":[{"count":2,"href":"https:\/\/www.fg-berlin.eu\/blogs\/webradio\/wp-json\/wp\/v2\/pages\/32\/revisions"}],"predecessor-version":[{"id":94,"href":"https:\/\/www.fg-berlin.eu\/blogs\/webradio\/wp-json\/wp\/v2\/pages\/32\/revisions\/94"}],"wp:attachment":[{"href":"https:\/\/www.fg-berlin.eu\/blogs\/webradio\/wp-json\/wp\/v2\/media?parent=32"}],"curies":[{"name":"wp","href":"https:\/\/api.w.org\/{rel}","templated":true}]}}