{"id":31,"date":"2021-05-13T00:24:04","date_gmt":"2021-05-12T22:24:04","guid":{"rendered":"https:\/\/www.fg-berlin.eu\/blogs\/nuitduc0de\/?page_id=31"},"modified":"2021-05-25T12:14:06","modified_gmt":"2021-05-25T10:14:06","slug":"tous-les-jeux","status":"publish","type":"page","link":"https:\/\/www.fg-berlin.eu\/blogs\/nuitduc0de\/tous-les-jeux\/","title":{"rendered":"Tous les jeux"},"content":{"rendered":"\n<div class=\"wp-block-columns is-layout-flex wp-container-core-columns-is-layout-9d6595d7 wp-block-columns-is-layout-flex\">\n<div class=\"wp-block-column is-layout-flow wp-block-column-is-layout-flow\">\n<p><strong>\u00c9quipes niveau lyc\u00e9e<\/strong><\/p>\n\n\n\n<p><a href=\"https:\/\/www.fg-berlin.eu\/blogs\/nuitduc0de\/equipe-1-fg_l1\/\" data-type=\"page\" data-id=\"37\">\u00c9quipe 1 &#8211; FG_L1<\/a><\/p>\n\n\n\n<p><a href=\"https:\/\/www.fg-berlin.eu\/blogs\/nuitduc0de\/equipe-2-fg_l2\/\" data-type=\"page\" data-id=\"43\"><strong>\u00c9quipe 2 &#8211; FG_L2<\/strong><\/a> (jeu s\u00e9lectionn\u00e9)<\/p>\n\n\n\n<p><a href=\"https:\/\/www.fg-berlin.eu\/blogs\/nuitduc0de\/equipe-3-fg_l3\/\" data-type=\"page\" data-id=\"47\">\u00c9quipe 3 &#8211; FG_L3<\/a><\/p>\n<\/div>\n\n\n\n<div class=\"wp-block-column is-layout-flow wp-block-column-is-layout-flow\">\n<p><strong>\u00c9quipes niveau coll\u00e8ge<\/strong><\/p>\n\n\n\n<p><a href=\"https:\/\/www.fg-berlin.eu\/blogs\/nuitduc0de\/equipe-1-fg_c1\/\" data-type=\"page\" data-id=\"52\">\u00c9quipe 1 &#8211; FG_C1<\/a><\/p>\n\n\n\n<p><a href=\"https:\/\/www.fg-berlin.eu\/blogs\/nuitduc0de\/equipe-2-fg_c2\/\" data-type=\"page\" data-id=\"54\">\u00c9quipe 2 &#8211; FG_C2<\/a><\/p>\n\n\n\n<p><a href=\"https:\/\/www.fg-berlin.eu\/blogs\/nuitduc0de\/equipe-3-fg_c3\/\" data-type=\"page\" data-id=\"56\">\u00c9quipe 3 &#8211; FG_C3<\/a><\/p>\n\n\n\n<p><a href=\"https:\/\/www.fg-berlin.eu\/blogs\/nuitduc0de\/equipe-4-fg_c4\/\" data-type=\"page\" data-id=\"58\"><strong>\u00c9quipe 4 &#8211; FG_C4<\/strong><\/a> (jeu s\u00e9lectionn\u00e9)<\/p>\n\n\n\n<p><a href=\"https:\/\/www.fg-berlin.eu\/blogs\/nuitduc0de\/equipe-5-fg_c5\/\" data-type=\"page\" data-id=\"60\">\u00c9quipe 5 &#8211; FG_C5<\/a><\/p>\n<\/div>\n<\/div>\n\n\n\n<p>Pour la <strong>s\u00e9lection des jeux<\/strong> par les <strong>\u00e9l\u00e8ves participants<\/strong>, les crit\u00e8res d&rsquo;\u00e9valuation sont r\u00e9unis dans <a href=\"https:\/\/www.fg-berlin.eu\/IMG\/doc\/evaluation_eleves.doc\" data-type=\"URL\" data-id=\"https:\/\/www.fg-berlin.eu\/IMG\/doc\/evaluation_eleves.doc\">la fiche d&rsquo;\u00e9valuation<\/a><\/p>\n","protected":false},"excerpt":{"rendered":"<p>\u00c9quipes niveau lyc\u00e9e \u00c9quipe 1 &#8211; FG_L1 \u00c9quipe 2 &#8211; FG_L2 (jeu s\u00e9lectionn\u00e9) \u00c9quipe 3 &#8211; FG_L3 \u00c9quipes niveau coll\u00e8ge \u00c9quipe 1 &#8211; FG_C1 \u00c9quipe 2 &#8211; FG_C2 \u00c9quipe 3 &#8211; FG_C3 \u00c9quipe 4 &#8211; FG_C4 (jeu s\u00e9lectionn\u00e9) \u00c9quipe 5 &#8211; FG_C5 Pour la s\u00e9lection des jeux par les \u00e9l\u00e8ves participants, les crit\u00e8res d&rsquo;\u00e9valuation sont &hellip; <a href=\"https:\/\/www.fg-berlin.eu\/blogs\/nuitduc0de\/tous-les-jeux\/\" class=\"more-link\">Continuer la lecture de <span class=\"screen-reader-text\">Tous les jeux<\/span><\/a><\/p>\n","protected":false},"author":2,"featured_media":0,"parent":0,"menu_order":0,"comment_status":"closed","ping_status":"closed","template":"","meta":{"footnotes":""},"class_list":["post-31","page","type-page","status-publish","hentry"],"_links":{"self":[{"href":"https:\/\/www.fg-berlin.eu\/blogs\/nuitduc0de\/wp-json\/wp\/v2\/pages\/31","targetHints":{"allow":["GET"]}}],"collection":[{"href":"https:\/\/www.fg-berlin.eu\/blogs\/nuitduc0de\/wp-json\/wp\/v2\/pages"}],"about":[{"href":"https:\/\/www.fg-berlin.eu\/blogs\/nuitduc0de\/wp-json\/wp\/v2\/types\/page"}],"author":[{"embeddable":true,"href":"https:\/\/www.fg-berlin.eu\/blogs\/nuitduc0de\/wp-json\/wp\/v2\/users\/2"}],"replies":[{"embeddable":true,"href":"https:\/\/www.fg-berlin.eu\/blogs\/nuitduc0de\/wp-json\/wp\/v2\/comments?post=31"}],"version-history":[{"count":10,"href":"https:\/\/www.fg-berlin.eu\/blogs\/nuitduc0de\/wp-json\/wp\/v2\/pages\/31\/revisions"}],"predecessor-version":[{"id":108,"href":"https:\/\/www.fg-berlin.eu\/blogs\/nuitduc0de\/wp-json\/wp\/v2\/pages\/31\/revisions\/108"}],"wp:attachment":[{"href":"https:\/\/www.fg-berlin.eu\/blogs\/nuitduc0de\/wp-json\/wp\/v2\/media?parent=31"}],"curies":[{"name":"wp","href":"https:\/\/api.w.org\/{rel}","templated":true}]}}