{"id":6,"date":"2020-11-11T21:37:25","date_gmt":"2020-11-11T20:37:25","guid":{"rendered":"http:\/\/www.fg-berlin.eu\/blogs\/langues-anciennes\/evenements\/etiquettes\/"},"modified":"2020-11-19T16:16:35","modified_gmt":"2020-11-19T15:16:35","slug":"declinaison","status":"publish","type":"page","link":"https:\/\/www.fg-berlin.eu\/blogs\/langues-anciennes\/evenements\/declinaison\/","title":{"rendered":"D\u00e9clinaison"},"content":{"rendered":"\n<p>Documents concernant le syst\u00e8me de d\u00e9clinaison latin.<\/p>\n\n\n\n<hr class=\"wp-block-separator is-style-wide\" \/>\n\n\n\n<ul class=\"wp-block-list\"><li>D&rsquo;abord une <a href=\"https:\/\/docs.google.com\/viewer?a=v&amp;pid=sites&amp;srcid=ZGVmYXVsdGRvbWFpbnx2aXZlbGVsYXRpbmF1Zmd8Z3g6MTJhOTM3MDlkYmZhOGM1Yg\">infographie<\/a> de pr\u00e9sentation de la 1\u00e8re d\u00e9clinaison.<\/li><\/ul>\n\n\n\n<div class=\"wp-block-file aligncenter\"><a href=\"https:\/\/www.fg-berlin.eu\/blogs\/langues-anciennes\/wp-content\/uploads\/sites\/31\/2020\/11\/Infographie1re-declinaison-en-latin.pdf\">Infographie1re-declinaison-en-latin<\/a><a href=\"https:\/\/www.fg-berlin.eu\/blogs\/langues-anciennes\/wp-content\/uploads\/sites\/31\/2020\/11\/Infographie1re-declinaison-en-latin.pdf\" class=\"wp-block-file__button\" download>T\u00e9l\u00e9charger<\/a><\/div>\n\n\n\n<hr class=\"wp-block-separator\" \/>\n\n\n\n<ul class=\"wp-block-list\"><li>Un <a href=\"https:\/\/docs.google.com\/viewer?a=v&amp;pid=sites&amp;srcid=ZGVmYXVsdGRvbWFpbnx2aXZlbGVsYXRpbmF1Zmd8Z3g6ZDEwY2IyMDkyMzQ3NTBi\">tableau<\/a> pr\u00e9sentant les terminaisons de la 3\u00e8me d\u00e9clinaison aux genres masculin, f\u00e9minin et neutre <em>au format .pdf<\/em>.<\/li><\/ul>\n\n\n\n<div class=\"wp-block-file aligncenter\"><a href=\"https:\/\/www.fg-berlin.eu\/blogs\/langues-anciennes\/wp-content\/uploads\/sites\/31\/2020\/11\/tableau-terminaisons-3eme-decli-M-F-et-N.pdf\">tableau-terminaisons-3eme-decli-M-F-et-N<\/a><a href=\"https:\/\/www.fg-berlin.eu\/blogs\/langues-anciennes\/wp-content\/uploads\/sites\/31\/2020\/11\/tableau-terminaisons-3eme-decli-M-F-et-N.pdf\" class=\"wp-block-file__button\" download>T\u00e9l\u00e9charger<\/a><\/div>\n","protected":false},"excerpt":{"rendered":"<p>Documents concernant le syst\u00e8me de d\u00e9clinaison latin. D&rsquo;abord une infographie de pr\u00e9sentation de la 1\u00e8re d\u00e9clinaison. Un tableau pr\u00e9sentant les terminaisons de la 3\u00e8me d\u00e9clinaison aux genres masculin, f\u00e9minin et neutre au format .pdf.<\/p>\n","protected":false},"author":2,"featured_media":0,"parent":3,"menu_order":0,"comment_status":"closed","ping_status":"closed","template":"","meta":{"footnotes":""},"class_list":["post-6","page","type-page","status-publish","hentry"],"_links":{"self":[{"href":"https:\/\/www.fg-berlin.eu\/blogs\/langues-anciennes\/wp-json\/wp\/v2\/pages\/6","targetHints":{"allow":["GET"]}}],"collection":[{"href":"https:\/\/www.fg-berlin.eu\/blogs\/langues-anciennes\/wp-json\/wp\/v2\/pages"}],"about":[{"href":"https:\/\/www.fg-berlin.eu\/blogs\/langues-anciennes\/wp-json\/wp\/v2\/types\/page"}],"author":[{"embeddable":true,"href":"https:\/\/www.fg-berlin.eu\/blogs\/langues-anciennes\/wp-json\/wp\/v2\/users\/2"}],"replies":[{"embeddable":true,"href":"https:\/\/www.fg-berlin.eu\/blogs\/langues-anciennes\/wp-json\/wp\/v2\/comments?post=6"}],"version-history":[{"count":2,"href":"https:\/\/www.fg-berlin.eu\/blogs\/langues-anciennes\/wp-json\/wp\/v2\/pages\/6\/revisions"}],"predecessor-version":[{"id":165,"href":"https:\/\/www.fg-berlin.eu\/blogs\/langues-anciennes\/wp-json\/wp\/v2\/pages\/6\/revisions\/165"}],"up":[{"embeddable":true,"href":"https:\/\/www.fg-berlin.eu\/blogs\/langues-anciennes\/wp-json\/wp\/v2\/pages\/3"}],"wp:attachment":[{"href":"https:\/\/www.fg-berlin.eu\/blogs\/langues-anciennes\/wp-json\/wp\/v2\/media?parent=6"}],"curies":[{"name":"wp","href":"https:\/\/api.w.org\/{rel}","templated":true}]}}