{"id":52,"date":"2020-11-18T12:18:24","date_gmt":"2020-11-18T11:18:24","guid":{"rendered":"http:\/\/www.fg-berlin.eu\/blogs\/langues-anciennes\/?page_id=52"},"modified":"2020-11-20T10:13:37","modified_gmt":"2020-11-20T09:13:37","slug":"accueil","status":"publish","type":"page","link":"https:\/\/www.fg-berlin.eu\/blogs\/langues-anciennes\/","title":{"rendered":"Accueil"},"content":{"rendered":"\n<p>Cari discipuli,\u00a0<\/p>\n\n\n\n<p><br>Voici le <strong>tout<\/strong> nouveau site du FG consacr\u00e9 aux langues anciennes. Il vient de na\u00eetre et est encore amen\u00e9 \u00e0 \u00e9voluer.<br>Vous y trouverez des <strong>documents<\/strong> \u00e0 t\u00e9l\u00e9charger qui pourront vous aider dans votre travail et vos r\u00e9visions, des informations sur les <strong>programmes<\/strong> du lyc\u00e9e, des <strong>liens utiles<\/strong> vers des sites int\u00e9ressants, des liens vers l&rsquo;application <strong>Quizlet<\/strong> pour apprendre et r\u00e9viser le vocabulaire.<br>Nous esp\u00e9rons que vous y trouverez de quoi satisfaire votre curiosit\u00e9.<br><\/p>\n\n\n\n<p>Navigate bene !<br><\/p>\n\n\n\n<p>L&rsquo;\u00e9quipe de Lettres Classiques du FG.<\/p>\n","protected":false},"excerpt":{"rendered":"<p>Cari discipuli,\u00a0 Voici le tout nouveau site du FG consacr\u00e9 aux langues anciennes. Il vient de na\u00eetre et est encore amen\u00e9 \u00e0 \u00e9voluer.Vous y trouverez des documents \u00e0 t\u00e9l\u00e9charger qui pourront vous aider dans votre travail et vos r\u00e9visions, des informations sur les programmes du lyc\u00e9e, des liens utiles vers [&hellip;]<\/p>\n","protected":false},"author":580,"featured_media":0,"parent":0,"menu_order":0,"comment_status":"closed","ping_status":"closed","template":"","meta":{"footnotes":""},"class_list":["post-52","page","type-page","status-publish","hentry"],"_links":{"self":[{"href":"https:\/\/www.fg-berlin.eu\/blogs\/langues-anciennes\/wp-json\/wp\/v2\/pages\/52","targetHints":{"allow":["GET"]}}],"collection":[{"href":"https:\/\/www.fg-berlin.eu\/blogs\/langues-anciennes\/wp-json\/wp\/v2\/pages"}],"about":[{"href":"https:\/\/www.fg-berlin.eu\/blogs\/langues-anciennes\/wp-json\/wp\/v2\/types\/page"}],"author":[{"embeddable":true,"href":"https:\/\/www.fg-berlin.eu\/blogs\/langues-anciennes\/wp-json\/wp\/v2\/users\/580"}],"replies":[{"embeddable":true,"href":"https:\/\/www.fg-berlin.eu\/blogs\/langues-anciennes\/wp-json\/wp\/v2\/comments?post=52"}],"version-history":[{"count":3,"href":"https:\/\/www.fg-berlin.eu\/blogs\/langues-anciennes\/wp-json\/wp\/v2\/pages\/52\/revisions"}],"predecessor-version":[{"id":266,"href":"https:\/\/www.fg-berlin.eu\/blogs\/langues-anciennes\/wp-json\/wp\/v2\/pages\/52\/revisions\/266"}],"wp:attachment":[{"href":"https:\/\/www.fg-berlin.eu\/blogs\/langues-anciennes\/wp-json\/wp\/v2\/media?parent=52"}],"curies":[{"name":"wp","href":"https:\/\/api.w.org\/{rel}","templated":true}]}}