{"id":4,"date":"2020-11-11T21:37:25","date_gmt":"2020-11-11T20:37:25","guid":{"rendered":"http:\/\/www.fg-berlin.eu\/blogs\/langues-anciennes\/evenements\/emplacements\/"},"modified":"2020-11-19T16:10:05","modified_gmt":"2020-11-19T15:10:05","slug":"conjugaison","status":"publish","type":"page","link":"https:\/\/www.fg-berlin.eu\/blogs\/langues-anciennes\/evenements\/conjugaison\/","title":{"rendered":"Conjugaison"},"content":{"rendered":"<p>Quelques documents pour aborder la conjugaison latine.<\/p>\n<p>D&rsquo;abord quelques <strong>infographies<\/strong> pour les d\u00e9butants ou pour r\u00e9viser. <br><strong>Th\u00e8mes<\/strong> : Le fonctionnement des verbes latin, le pr\u00e9sent et le parfait de l&rsquo;indicatif.<\/p>\n\n\n<hr class=\"wp-block-separator\" \/>\n\n\n\n<ul class=\"wp-block-list\"><li><a href=\"https:\/\/docs.google.com\/viewer?a=v&amp;pid=sites&amp;srcid=ZGVmYXVsdGRvbWFpbnx2aXZlbGVsYXRpbmF1Zmd8Z3g6MTk0ZDcxNDdjYjAxYzhmYw\">Infographie<\/a> \u00ab\u00a0les verbes en latin premiers pas\u00a0\u00bb <em>au format.pdf<\/em><\/li><\/ul>\n\n\n\n<div class=\"wp-block-file aligncenter\"><a href=\"https:\/\/www.fg-berlin.eu\/blogs\/langues-anciennes\/wp-content\/uploads\/sites\/31\/2020\/11\/Infographie-les-verbes-en-latin-premiers-pas.pdf\">Infographie-les-verbes-en-latin-premiers-pas<\/a><a href=\"https:\/\/www.fg-berlin.eu\/blogs\/langues-anciennes\/wp-content\/uploads\/sites\/31\/2020\/11\/Infographie-les-verbes-en-latin-premiers-pas.pdf\" class=\"wp-block-file__button\" download>T\u00e9l\u00e9charger<\/a><\/div>\n\n\n\n<hr class=\"wp-block-separator\" \/>\n\n\n\n<ul class=\"wp-block-list\"><li><a href=\"https:\/\/docs.google.com\/viewer?a=v&amp;pid=sites&amp;srcid=ZGVmYXVsdGRvbWFpbnx2aXZlbGVsYXRpbmF1Zmd8Z3g6MzA4Y2UxMTA4Njg4Y2FhMA\">Infographie<\/a> sur le pr\u00e9sent de l&rsquo;indicatif <em>au format .pdf.<\/em><\/li><\/ul>\n\n\n\n<div class=\"wp-block-file aligncenter\"><a href=\"https:\/\/www.fg-berlin.eu\/blogs\/langues-anciennes\/wp-content\/uploads\/sites\/31\/2020\/11\/Infographie-le-present-de-lindicatif.pdf\">Infographie-le-present-de-lindicatif<\/a><a href=\"https:\/\/www.fg-berlin.eu\/blogs\/langues-anciennes\/wp-content\/uploads\/sites\/31\/2020\/11\/Infographie-le-present-de-lindicatif.pdf\" class=\"wp-block-file__button\" download>T\u00e9l\u00e9charger<\/a><\/div>\n\n\n\n<hr class=\"wp-block-separator\" \/>\n\n\n\n<ul class=\"wp-block-list\"><li><a href=\"https:\/\/docs.google.com\/viewer?a=v&amp;pid=sites&amp;srcid=ZGVmYXVsdGRvbWFpbnx2aXZlbGVsYXRpbmF1Zmd8Z3g6M2JiMGE1ZmM5YTNhOTQzZA\">Infographie<\/a> sur le parfait de l&rsquo;indicatif actif <em>au format .pdf.<\/em><\/li><\/ul>\n\n\n\n<div class=\"wp-block-file aligncenter\"><a href=\"https:\/\/www.fg-berlin.eu\/blogs\/langues-anciennes\/wp-content\/uploads\/sites\/31\/2020\/11\/Infographie-le-parfait-de-lindicatif.pdf\">Infographie-le-parfait-de-lindicatif<\/a><a href=\"https:\/\/www.fg-berlin.eu\/blogs\/langues-anciennes\/wp-content\/uploads\/sites\/31\/2020\/11\/Infographie-le-parfait-de-lindicatif.pdf\" class=\"wp-block-file__button\" download>T\u00e9l\u00e9charger<\/a><\/div>\n\n\n\n<hr class=\"wp-block-separator\" \/>\n\n\n\n<ul class=\"wp-block-list\"><li><a href=\"https:\/\/docs.google.com\/viewer?a=v&amp;pid=sites&amp;srcid=ZGVmYXVsdGRvbWFpbnx2aXZlbGVsYXRpbmF1Zmd8Z3g6N2Q3OTRmYmFmMTlkMmM1MA\">Infographie<\/a> sur \u00ab\u00a0conna\u00eetre et reconna\u00eetre le parfait\u00a0\u00bb <em>au format .pdf&nbsp;<\/em><\/li><\/ul>\n\n\n\n<div class=\"wp-block-file aligncenter\"><a href=\"https:\/\/www.fg-berlin.eu\/blogs\/langues-anciennes\/wp-content\/uploads\/sites\/31\/2020\/11\/Infographie-connaitre-et-reconnaitre-le-parfait.pdf\">Infographie-connaitre-et-reconnaitre-le-parfait<\/a><a href=\"https:\/\/www.fg-berlin.eu\/blogs\/langues-anciennes\/wp-content\/uploads\/sites\/31\/2020\/11\/Infographie-connaitre-et-reconnaitre-le-parfait.pdf\" class=\"wp-block-file__button\" download>T\u00e9l\u00e9charger<\/a><\/div>\n\n\n\n<hr class=\"wp-block-separator is-style-wide\" \/>\n\n\n\n<p><a href=\"https:\/\/docs.google.com\/viewer?a=v&amp;pid=sites&amp;srcid=ZGVmYXVsdGRvbWFpbnx2aXZlbGVsYXRpbmF1Zmd8Z3g6MjFkN2ZlN2EzMjcwMDA5NQ\">Document<\/a> de rappels sur le  (en fran\u00e7ais) sous forme de tableau <em>au format .pdf<\/em>&nbsp;<\/p>\n\n\n\n<div class=\"wp-block-file\"><a href=\"https:\/\/www.fg-berlin.eu\/blogs\/langues-anciennes\/wp-content\/uploads\/sites\/31\/2020\/11\/rappel-passe-simple-tableau.pdf\">rappel-passe-simple-tableau<\/a><a href=\"https:\/\/www.fg-berlin.eu\/blogs\/langues-anciennes\/wp-content\/uploads\/sites\/31\/2020\/11\/rappel-passe-simple-tableau.pdf\" class=\"wp-block-file__button\" download>T\u00e9l\u00e9charger<\/a><\/div>\n\n\n\n<hr class=\"wp-block-separator is-style-wide\" \/>\n\n\n\n<p><strong>Tableaux<\/strong> des verbes dont il est n\u00e9cessaire de conna\u00eetre les temps primitifs, class\u00e9s par type de conjugaison.<\/p>\n\n\n\n<hr class=\"wp-block-separator is-style-wide\" \/>\n\n\n\n<ul class=\"wp-block-list\"><li><a href=\"https:\/\/docs.google.com\/viewer?a=v&amp;pid=sites&amp;srcid=ZGVmYXVsdGRvbWFpbnx2aXZlbGVsYXRpbmF1Zmd8Z3g6M2M5NWEwNWVhZjAwYTAwMQ\">Tableau<\/a> des temps primitifs des verbes \u00e0 conna\u00eetre (1\u00e8re conjugaison)<\/li><\/ul>\n\n\n\n<div class=\"wp-block-file aligncenter\"><a href=\"https:\/\/www.fg-berlin.eu\/blogs\/langues-anciennes\/wp-content\/uploads\/sites\/31\/2020\/11\/temps-primitifs-tableau-verbes-a-connaitre-1re-conjugaison-correction.pdf\">temps-primitifs-tableau-verbes-a-connaitre-1re-conjugaison-correction<\/a><a href=\"https:\/\/www.fg-berlin.eu\/blogs\/langues-anciennes\/wp-content\/uploads\/sites\/31\/2020\/11\/temps-primitifs-tableau-verbes-a-connaitre-1re-conjugaison-correction.pdf\" class=\"wp-block-file__button\" download>T\u00e9l\u00e9charger<\/a><\/div>\n\n\n\n<hr class=\"wp-block-separator\" \/>\n\n\n\n<ul class=\"wp-block-list\"><li><a href=\"https:\/\/docs.google.com\/viewer?a=v&amp;pid=sites&amp;srcid=ZGVmYXVsdGRvbWFpbnx2aXZlbGVsYXRpbmF1Zmd8Z3g6MjY5N2FiNTc3ZWNlNWU0\">Tableau<\/a> des temps primitifs des verbes \u00e0 conna\u00eetre (2\u00e8me conjugaison)<\/li><\/ul>\n\n\n\n<div class=\"wp-block-file aligncenter\"><a href=\"https:\/\/www.fg-berlin.eu\/blogs\/langues-anciennes\/wp-content\/uploads\/sites\/31\/2020\/11\/temps-primitifs-tableau-verbes-a-connaitre-2e-conjugaison-CORRECTION.pdf\">temps-primitifs-tableau-verbes-a-connaitre-2e-conjugaison-CORRECTION<\/a><a href=\"https:\/\/www.fg-berlin.eu\/blogs\/langues-anciennes\/wp-content\/uploads\/sites\/31\/2020\/11\/temps-primitifs-tableau-verbes-a-connaitre-2e-conjugaison-CORRECTION.pdf\" class=\"wp-block-file__button\" download>T\u00e9l\u00e9charger<\/a><\/div>\n\n\n\n<hr class=\"wp-block-separator\" \/>\n\n\n\n<ul class=\"wp-block-list\"><li><a href=\"https:\/\/docs.google.com\/viewer?a=v&amp;pid=sites&amp;srcid=ZGVmYXVsdGRvbWFpbnx2aXZlbGVsYXRpbmF1Zmd8Z3g6NDNkZWNkNmIxYjhmZTRkMA\">Tableau<\/a> des temps primitifs des verbes \u00e0 conna\u00eetre (3\u00e8me conjugaison)<\/li><\/ul>\n\n\n\n<div class=\"wp-block-file aligncenter\"><a href=\"https:\/\/www.fg-berlin.eu\/blogs\/langues-anciennes\/wp-content\/uploads\/sites\/31\/2020\/11\/temps-primitifs-tableau-verbes-a-connaitre-3e-conjugaison-CORRECTION.pdf\">temps-primitifs-tableau-verbes-a-connaitre-3e-conjugaison-CORRECTION<\/a><a href=\"https:\/\/www.fg-berlin.eu\/blogs\/langues-anciennes\/wp-content\/uploads\/sites\/31\/2020\/11\/temps-primitifs-tableau-verbes-a-connaitre-3e-conjugaison-CORRECTION.pdf\" class=\"wp-block-file__button\" download>T\u00e9l\u00e9charger<\/a><\/div>\n\n\n\n<hr class=\"wp-block-separator\" \/>\n\n\n\n<ul class=\"wp-block-list\"><li><a href=\"https:\/\/docs.google.com\/viewer?a=v&amp;pid=sites&amp;srcid=ZGVmYXVsdGRvbWFpbnx2aXZlbGVsYXRpbmF1Zmd8Z3g6MmQxOWJlMmQzYjFlMGM1Ng\">Tableau<\/a> des temps primitifs des verbes \u00e0 conna\u00eetre (4\u00e8me conjugaison et 4\u00e8me bis)<\/li><\/ul>\n\n\n\n<div class=\"wp-block-file aligncenter\"><a href=\"https:\/\/www.fg-berlin.eu\/blogs\/langues-anciennes\/wp-content\/uploads\/sites\/31\/2020\/11\/temps-primitifs-tableau-verbes-a-connaitre-4e-et-4e-bis-CORRECTION.pdf\">temps-primitifs-tableau-verbes-a-connaitre-4e-et-4e-bis-CORRECTION<\/a><a href=\"https:\/\/www.fg-berlin.eu\/blogs\/langues-anciennes\/wp-content\/uploads\/sites\/31\/2020\/11\/temps-primitifs-tableau-verbes-a-connaitre-4e-et-4e-bis-CORRECTION.pdf\" class=\"wp-block-file__button\" download>T\u00e9l\u00e9charger<\/a><\/div>\n\n\n\n<p><\/p>\n","protected":false},"excerpt":{"rendered":"<p>Quelques documents pour aborder la conjugaison latine. D&rsquo;abord quelques infographies pour les d\u00e9butants ou pour r\u00e9viser. Th\u00e8mes : Le fonctionnement des verbes latin, le pr\u00e9sent et le parfait de l&rsquo;indicatif. Infographie \u00ab\u00a0les verbes en latin premiers pas\u00a0\u00bb au format.pdf Infographie sur le pr\u00e9sent de l&rsquo;indicatif au format .pdf. Infographie sur [&hellip;]<\/p>\n","protected":false},"author":580,"featured_media":0,"parent":3,"menu_order":0,"comment_status":"closed","ping_status":"closed","template":"","meta":{"footnotes":""},"class_list":["post-4","page","type-page","status-publish","hentry"],"_links":{"self":[{"href":"https:\/\/www.fg-berlin.eu\/blogs\/langues-anciennes\/wp-json\/wp\/v2\/pages\/4","targetHints":{"allow":["GET"]}}],"collection":[{"href":"https:\/\/www.fg-berlin.eu\/blogs\/langues-anciennes\/wp-json\/wp\/v2\/pages"}],"about":[{"href":"https:\/\/www.fg-berlin.eu\/blogs\/langues-anciennes\/wp-json\/wp\/v2\/types\/page"}],"author":[{"embeddable":true,"href":"https:\/\/www.fg-berlin.eu\/blogs\/langues-anciennes\/wp-json\/wp\/v2\/users\/580"}],"replies":[{"embeddable":true,"href":"https:\/\/www.fg-berlin.eu\/blogs\/langues-anciennes\/wp-json\/wp\/v2\/comments?post=4"}],"version-history":[{"count":8,"href":"https:\/\/www.fg-berlin.eu\/blogs\/langues-anciennes\/wp-json\/wp\/v2\/pages\/4\/revisions"}],"predecessor-version":[{"id":161,"href":"https:\/\/www.fg-berlin.eu\/blogs\/langues-anciennes\/wp-json\/wp\/v2\/pages\/4\/revisions\/161"}],"up":[{"embeddable":true,"href":"https:\/\/www.fg-berlin.eu\/blogs\/langues-anciennes\/wp-json\/wp\/v2\/pages\/3"}],"wp:attachment":[{"href":"https:\/\/www.fg-berlin.eu\/blogs\/langues-anciennes\/wp-json\/wp\/v2\/media?parent=4"}],"curies":[{"name":"wp","href":"https:\/\/api.w.org\/{rel}","templated":true}]}}