{"id":30,"date":"2020-11-16T11:27:10","date_gmt":"2020-11-16T10:27:10","guid":{"rendered":"https:\/\/www.fg-berlin.eu\/blogs\/langues-anciennes\/?page_id=30"},"modified":"2020-11-20T09:51:04","modified_gmt":"2020-11-20T08:51:04","slug":"liens-interessants","status":"publish","type":"page","link":"https:\/\/www.fg-berlin.eu\/blogs\/langues-anciennes\/liens-interessants\/","title":{"rendered":"Liens int\u00e9ressants"},"content":{"rendered":"\n<p>Vous trouverez ici des liens utiles et int\u00e9ressants \u00e0 commencer par deux sites \u00e9ducatifs\u00a0: <\/p>\n\n\n\n<ul class=\"wp-block-list\"><li>Un site fort riche d&rsquo;informations et de documents divers\u00a0: <a href=\"https:\/\/www.arretetonchar.fr\/\">https:\/\/www.arretetonchar.fr\/<\/a><\/li><li>Pour r\u00e9viser votre latin et votre fran\u00e7ais : <a href=\"http:\/\/www.gratumstudium.com\/\" data-type=\"URL\" data-id=\"http:\/\/www.gratumstudium.com\/\">http:\/\/www.gratumstudium.com\/<\/a><\/li><\/ul>\n\n\n\n<hr class=\"wp-block-separator is-style-wide\" \/>\n\n\n\n<h2 class=\"has-header-gradient-color has-text-color wp-block-heading\">\u2022 Grammaires en ligne<\/h2>\n\n\n\n<h4 class=\"wp-block-heading\">Grammaire grecque<\/h4>\n\n\n\n<p><a href=\"http:\/\/bcs.fltr.ucl.ac.be\/GraGre\/00.Plan.htm\">http:\/\/bcs.fltr.ucl.ac.be\/GraGre\/00.Plan.htm<\/a><\/p>\n\n\n\n<h4 class=\"wp-block-heading\">grammaire latine<\/h4>\n\n\n\n<p><a href=\"http:\/\/bcs.fltr.ucl.ac.be\/GRAMM\/001.tabgram.html\">http:\/\/bcs.fltr.ucl.ac.be\/GRAMM\/001.tabgram.html<\/a><\/p>\n\n\n\n<hr class=\"wp-block-separator is-style-wide\" \/>\n\n\n\n<h2 class=\"has-header-gradient-color has-text-color wp-block-heading\">\u2022 Banques de textes en ligne&nbsp;:<\/h2>\n\n\n\n<h3 class=\"wp-block-heading\">Banques de textes avec traduction fran\u00e7aise<\/h3>\n\n\n\n<p>\u2022 <strong>Hodoi elektronikai<\/strong> : <a href=\"http:\/\/mercure.fltr.ucl.ac.be\/HODOI\/\">http:\/\/mercure.fltr.ucl.ac.be\/HODOI\/<\/a><br>\u2022 <strong>Itinera electronica<\/strong> : <a href=\"http:\/\/pot-pourri.fltr.ucl.ac.be\/itinera\/\" data-type=\"URL\" data-id=\"http:\/\/pot-pourri.fltr.ucl.ac.be\/itinera\/\">http:\/\/pot-pourri.fltr.ucl.ac.be\/itinera\/<\/a><br>Avec les <em>Hodoi elektronikai<\/em> et les <em>Itinera electronica<\/em>, l\u2019universit\u00e9 catholique de Louvain donne acc\u00e8s une grande partie de la litt\u00e9rature grecque et latine en lecture et en traduction fran\u00e7aise.<br>Dans ces environnements hypertextes, chaque mot est cliquable et donne acc\u00e8s \u00e0 des donn\u00e9es lexicales<br>\u2022 <strong>Bibliotheca Classica Selecta<\/strong> : <a href=\"http:\/\/bcs.fltr.ucl.ac.be\/SLInf4.html\" data-type=\"URL\" data-id=\"http:\/\/bcs.fltr.ucl.ac.be\/SLInf4.html\">http:\/\/bcs.fltr.ucl.ac.be\/SLInf4.html<\/a><br>La BCS de l\u2019universit\u00e9 catholique de Louvain propose une importante liste de traductions fran\u00e7aises de textes latins disponibles en ligne.<br>\u2022 <strong>Philoctetes<\/strong> <a href=\"http:\/\/philoctetes.free.fr\/index.htm\">http:\/\/philoctetes.free.fr\/index.htm<\/a><br>Philoctetes est une banque de textes grecs en version originale et en traduction fran\u00e7aise.<\/p>\n\n\n\n<h3 class=\"wp-block-heading\">Banques \u00e9trang\u00e8res<\/h3>\n\n\n\n<p>\u2022 <strong>Perseus<\/strong> : <a href=\"http:\/\/www.perseus.tufts.edu\/hopper\/collections\" data-type=\"URL\" data-id=\"http:\/\/www.perseus.tufts.edu\/hopper\/collections\">http:\/\/www.perseus.tufts.edu\/hopper\/collections<\/a><br>La grande biblioth\u00e8que de r\u00e9f\u00e9rence de textes latins et grecs en version originale et traduction anglaise.<br>\u2022 <strong>Ancient Greek Texts<\/strong> : <a href=\"http:\/\/www.mikrosapoplous.gr\/en\/texts1en.html\">http:\/\/www.mikrosapoplous.gr\/en\/texts1en.html<\/a><br>Le site Ancient Greek Texts propose un grand nombre de textes d\u2019auteurs grecs antiques au format Word.<br>\u2022 <strong>The Latin Library<\/strong> :&nbsp;<a href=\"http:\/\/www.thelatinlibrary.com\/\">http:\/\/www.thelatinlibrary.com\/<\/a><\/p>\n\n\n\n<h3 class=\"wp-block-heading\">Banques de textes appareill\u00e9s et en traductions fran\u00e7aises<\/h3>\n\n\n\n<p>\u2022 <strong>Nimis pauci<\/strong> : <a href=\"http:\/\/ugo.bratelli.free.fr\/index.php\">http:\/\/ugo.bratelli.free.fr\/index.php<\/a><br>Le site d\u2019Ugo Bratelli propose un grand nombre de textes d\u2019auteurs grecs et latins en traduction, mais aussi d\u2019auteurs fran\u00e7ais d\u2019\u00e9tudes et critiques sur le monde antique.<br>\u2022 <strong>Remacle<\/strong> : <a href=\"http:\/\/remacle.org\/\" data-type=\"URL\" data-id=\"http:\/\/remacle.org\/\">http:\/\/remacle.org\/<\/a><br>Site de r\u00e9f\u00e9rence, les pages de Philippe Remacle proposent un tr\u00e8s grand nombre de textes grecs et latins en traduction fran\u00e7aise, mais aussi des extraits de textes latins appareill\u00e9s et class\u00e9s par th\u00e9matique (<a href=\"http:\/\/remacle.org\/index4.htm\">http:\/\/remacle.org\/index4.htm<\/a>), des ouvrages de r\u00e9f\u00e9rence sur l\u2019Antiquit\u00e9 et de riches dossiers sur les dramaturges grecs.<br>\u2022 <strong>Arr\u00eate Ton char<\/strong> : <a href=\"https:\/\/www.arretetonchar.fr\/c\u00e9sar-la-guerre-des-gaules-i\/\" data-type=\"URL\" data-id=\"https:\/\/www.arretetonchar.fr\/c\u00e9sar-la-guerre-des-gaules-i\/\">https:\/\/www.arretetonchar.fr\/c\u00e9sar-la-guerre-des-gaules-i\/<\/a><br>Arr\u00eate Ton Char propose la plus vaste collection de traductions juxtalin\u00e9aires compl\u00e8tes (70 textes latins, 98 textes grecs) librement t\u00e9l\u00e9chargeables au format pdf.<br>\u2022 <strong>Latin, Grec, Juxta<\/strong> : <a href=\"http:\/\/gerardgreco.free.fr\/?lang=fr\">http:\/\/gerardgreco.free.fr\/?lang=fr<\/a><br>Le site de G\u00e9rard Gr\u00e9co, responsable des projets de num\u00e9risation du Gaffiot et du Bailly, propose des traductions juxtalin\u00e9aires de textes grecs et latins num\u00e9ris\u00e9s, enti\u00e8rement revus, recompos\u00e9s au format TeX et t\u00e9l\u00e9chargeables au format pdf.<br>\u2022<strong> Evandre<\/strong> : <a href=\"http:\/\/www.evandre.info\/index.php\">http:\/\/www.evandre.info\/index.php<\/a><br>Site de Fran\u00e7ois Marmeche qui propose 329 textes grecs et 381 textes latins avec appareillage lexical et traduction.<\/p>\n\n\n\n<hr class=\"wp-block-separator is-style-wide\" \/>\n\n\n\n<h2 class=\"has-header-gradient-color has-text-color wp-block-heading\">\u2022 \u00c9pigraphie<\/h2>\n\n\n\n<h3 class=\"wp-block-heading\">\u00c9pigraphie grecque<\/h3>\n\n\n\n<p>\u2022 <strong>Inscriptiones Graecae<\/strong> : <a href=\"http:\/\/pom.bbaw.de\/ig\/index.html\">http:\/\/pom.bbaw.de\/ig\/index.html<\/a><br>L\u2019acad\u00e9mie des sciences de Berlin-Brandebourg propose la plus compl\u00e8te Banque d\u2019inscriptions grecques en ligne. La recherche se fait par mot grec, type d\u2019inscriptions et nature du support (bronze, marbre, etc.). <em>Texte grec sans traduction.<\/em><br>\u2022 <strong>Packard Humanities Institute (PHI)<\/strong> : <a href=\"https:\/\/epigraphy.packhum.org\/\">https:\/\/epigraphy.packhum.org\/<\/a><br>La base de donn\u00e9es du Phi permet de rechercher des inscriptions par r\u00e9gions de Gr\u00e8ce. <em>Texte grec sans traduction.<\/em><br>\u2022 <strong>Inscriptions of Aphrodisias<\/strong> : <a href=\"http:\/\/insaph.kcl.ac.uk\/iaph2007\/index.html\" data-type=\"URL\" data-id=\"http:\/\/insaph.kcl.ac.uk\/iaph2007\/index.html\">http:\/\/insaph.kcl.ac.uk\/iaph2007\/index.html<\/a><br>Les inscriptions grecques provenant de la ville d\u2019Aphrodisias (Turquie) ont \u00e9t\u00e9 regroup\u00e9es dans cette base de donn\u00e9es qui propose une recherche par mot ou par type d\u2019inscriptions. <em>Texte grec avec traduction anglaise.<\/em><br>\u2022 <strong>Lexicon of Greek Personal Names<\/strong> : <a href=\"http:\/\/clas-lgpn2.classics.ox.ac.uk\/\" data-type=\"URL\" data-id=\"http:\/\/clas-lgpn2.classics.ox.ac.uk\/\">http:\/\/clas-lgpn2.classics.ox.ac.uk\/<\/a><br>Cette base de donn\u00e9es propose un catalogue des noms propres grecs. Les r\u00e9f\u00e9rences renvoient aux textes litt\u00e9raires ou aux textes \u00e9pigraphiques.<\/p>\n\n\n\n<h3 class=\"wp-block-heading\">\u00c9pigraphie latine<\/h3>\n\n\n\n<p>\u2022 <strong>Epigraphik Datenbank Clauss Slaby <\/strong>(EDCS) : <a href=\"http:\/\/db.edcs.eu\/epigr\/epi.php?s_sprache=fr\">http:\/\/db.edcs.eu\/epigr\/epi.php?s_sprache=fr<\/a><br>La base d\u2019inscriptions latines d\u00e9velopp\u00e9es par Manfred Clauss et Wolgang A. Slaby (<a href=\"http:\/\/www.manfredclauss.de\/\">http:\/\/www.manfredclauss.de\/<\/a>) recense toutes les inscriptions latines du monde romain. La recherche peut s\u2019effectuer par mot latin, province, ville (nom antique ou nom moderne), type d\u2019inscription, etc. Les inscriptions mises en ligne le plus r\u00e9cemment comportent une photographie. <em>Texte latin sans traduction<\/em>.<br>\u2022 <strong>Epigraphische Datenbank Heidelberg<\/strong> (EDH) : <a href=\"https:\/\/edh-www.adw.uni-heidelberg.de\/inschrift\/suche\">https:\/\/edh-www.adw.uni-heidelberg.de\/inschrift\/suche<\/a><br>La base d\u2019inscriptions d\u00e9velopp\u00e9e par l\u2019universit\u00e9 d\u2019Heidelberg comporte un moteur de recherches \u00e0 peu pr\u00e8s semblable \u00e0 celui de la base pr\u00e9c\u00e9dente. \u00c9galement tr\u00e8s compl\u00e8te, la base recense environ 80 000 inscriptions latines. <em>Texte latin sans traduction<\/em>.<\/p>\n\n\n\n<hr class=\"wp-block-separator is-style-wide\" \/>\n\n\n\n<h2 class=\"has-header-gradient-color has-text-color wp-block-heading\">\u2022 Sites de mus\u00e9es<\/h2>\n\n\n\n<p><strong>Le Louvre<\/strong><br><a href=\"https:\/\/www.louvre.fr\/departments\/antiquit%C3%A9s-grecques-%C3%A9trusques-et-romaines\/oeuvres-choisies\">https:\/\/www.louvre.fr\/departments\/antiquit%C3%A9s-grecques-%C3%A9trusques-et-romaines\/oeuvres-choisies<br><\/a><strong>Le portail Joconde<\/strong> propose des ressources sur la documentation, l&rsquo;informatisation et la num\u00e9risation des collections des mus\u00e9es de France.<br><a href=\"http:\/\/www2.culture.gouv.fr\/documentation\/joconde\/fr\/pres.htm\" data-type=\"URL\" data-id=\"http:\/\/www2.culture.gouv.fr\/documentation\/joconde\/fr\/pres.htm\">http:\/\/www2.culture.gouv.fr\/documentation\/joconde\/fr\/pres.htm<\/a><br><strong>Beazley Archive Database<\/strong>. <br>C\u00e9ramique et sculpture de l\u2019Antiquit\u00e9 grecque et latine\u00a0:<br><a href=\"http:\/\/www.beazley.ox.ac.uk\/index.htm\" data-type=\"URL\" data-id=\"http:\/\/www.beazley.ox.ac.uk\/index.htm\">http:\/\/www.beazley.ox.ac.uk\/index.htm<\/a><br><a href=\"http:\/\/www.cvaonline.org\/cva\/museums.htm\">http:\/\/www.cvaonline.org\/cva\/museums.htm<\/a><\/p>\n\n\n\n<h2 class=\"has-header-gradient-color has-text-color wp-block-heading\">\u2022 Liens grand public en rapport avec l&rsquo;Antiquit\u00e9<\/h2>\n\n\n\n<ul class=\"wp-block-list\"><li>Documentaire tr\u00e8s int\u00e9ressant sur les <strong>p\u00e9plums<\/strong> et les liens entre l&rsquo;Antiquit\u00e9 et l&rsquo;histoire d&rsquo;Hollywood\u00a0: <a href=\"https:\/\/www.youtube.com\/watch?v=Bwec5A8yqTY\">https:\/\/www.youtube.com\/watch?v=Bwec5A8yqTY<\/a><\/li><li>Documentaire sur <strong>Pomp\u00e9i<\/strong>\u00a0: <a href=\"https:\/\/www.arte.tv\/fr\/videos\/063621-000-A\/pompei-la-vie-avant-la-mort\/\">https:\/\/www.arte.tv\/fr\/videos\/063621-000-A\/pompei-la-vie-avant-la-mort\/<\/a><\/li><li><strong>Les grands mythes<\/strong>, \u00e9mission propos\u00e9e par Arte, vous trouverez ici une pr\u00e9sentation\u00a0: <a href=\"http:\/\/download.pro.arte.tv\/uploads\/Les-grand-mythes1.pdf\">http:\/\/download.pro.arte.tv\/uploads\/Les-grand-mythes1.pdf<br><\/a>Vous pouvez retrouver diff\u00e9rents \u00e9pisodes en ligne en cherchant sur un moteur de recherche. <\/li><li>pour pouvoir \u00e9couter les \u00e9missions <strong>2000 ans d&rsquo;histoire<\/strong> qui ont \u00e9t\u00e9 diffus\u00e9es sur France Inter, sur diff\u00e9rents th\u00e8mes. Beaucoup concernent l&rsquo;Antiquit\u00e9\u00a0: <a href=\"https:\/\/blog-histoire.fr\/\">https:\/\/blog-histoire.fr\/<\/a><\/li><li>\u00c9mission de France culture\u00a0sur la <strong>colonisation grecque<\/strong> (Programme de 1re\/11 Kl)\u00a0: <a href=\"https:\/\/www.franceculture.fr\/emissions\/les-hommes-aux-semelles-de-vent-itinerances-en-mediterranee-multidiffusion\/episode-2-la\">https:\/\/www.franceculture.fr\/emissions\/les-hommes-aux-semelles-de-vent-itinerances-en-mediterranee-multidiffusion\/episode-2-la<\/a><\/li><li>Plus sp\u00e9cialis\u00e9 : Pour suivre l&rsquo;<strong>actualit\u00e9 des \u00e9tudes anciennes<\/strong> (articles, entretiens, conf\u00e9rences\u2026)\u00a0: <a href=\"https:\/\/reainfo.hypotheses.org\/\">https:\/\/reainfo.hypotheses.org\/<\/a><\/li><\/ul>\n","protected":false},"excerpt":{"rendered":"<p>Vous trouverez ici des liens utiles et int\u00e9ressants \u00e0 commencer par deux sites \u00e9ducatifs\u00a0: Un site fort riche d&rsquo;informations et de documents divers\u00a0: https:\/\/www.arretetonchar.fr\/ Pour r\u00e9viser votre latin et votre fran\u00e7ais : http:\/\/www.gratumstudium.com\/ \u2022 Grammaires en ligne Grammaire grecque http:\/\/bcs.fltr.ucl.ac.be\/GraGre\/00.Plan.htm grammaire latine http:\/\/bcs.fltr.ucl.ac.be\/GRAMM\/001.tabgram.html \u2022 Banques de textes en ligne&nbsp;: Banques [&hellip;]<\/p>\n","protected":false},"author":580,"featured_media":0,"parent":0,"menu_order":0,"comment_status":"closed","ping_status":"closed","template":"","meta":{"footnotes":""},"class_list":["post-30","page","type-page","status-publish","hentry"],"_links":{"self":[{"href":"https:\/\/www.fg-berlin.eu\/blogs\/langues-anciennes\/wp-json\/wp\/v2\/pages\/30","targetHints":{"allow":["GET"]}}],"collection":[{"href":"https:\/\/www.fg-berlin.eu\/blogs\/langues-anciennes\/wp-json\/wp\/v2\/pages"}],"about":[{"href":"https:\/\/www.fg-berlin.eu\/blogs\/langues-anciennes\/wp-json\/wp\/v2\/types\/page"}],"author":[{"embeddable":true,"href":"https:\/\/www.fg-berlin.eu\/blogs\/langues-anciennes\/wp-json\/wp\/v2\/users\/580"}],"replies":[{"embeddable":true,"href":"https:\/\/www.fg-berlin.eu\/blogs\/langues-anciennes\/wp-json\/wp\/v2\/comments?post=30"}],"version-history":[{"count":15,"href":"https:\/\/www.fg-berlin.eu\/blogs\/langues-anciennes\/wp-json\/wp\/v2\/pages\/30\/revisions"}],"predecessor-version":[{"id":251,"href":"https:\/\/www.fg-berlin.eu\/blogs\/langues-anciennes\/wp-json\/wp\/v2\/pages\/30\/revisions\/251"}],"wp:attachment":[{"href":"https:\/\/www.fg-berlin.eu\/blogs\/langues-anciennes\/wp-json\/wp\/v2\/media?parent=30"}],"curies":[{"name":"wp","href":"https:\/\/api.w.org\/{rel}","templated":true}]}}