{"id":13,"date":"2020-11-14T09:11:47","date_gmt":"2020-11-14T08:11:47","guid":{"rendered":"https:\/\/www.fg-berlin.eu\/blogs\/langues-anciennes\/?page_id=13"},"modified":"2022-08-03T10:48:33","modified_gmt":"2022-08-03T08:48:33","slug":"a-propos","status":"publish","type":"page","link":"https:\/\/www.fg-berlin.eu\/blogs\/langues-anciennes\/a-propos\/","title":{"rendered":"\u00c0 propos"},"content":{"rendered":"\n<h2 class=\"has-header-gradient-color has-background-color-background-color has-text-color has-background wp-block-heading\" id=\"professeurs\">Les professeurs<\/h2>\n\n\n\n<p>L\u2019\u00e9quipe de Lettres Classiques du FG est actuellement compos\u00e9e de six professeurs.<\/p>\n\n\n\n<hr class=\"wp-block-separator is-style-wide\" \/>\n\n\n\n<ul class=\"wp-block-list\"><li>Madame Saling, professeur de latin et de grec, Fachleiterin ;<\/li><li>Monsieur Oltramare, professeur de latin, de grec, de fran\u00e7ais, de th\u00e9\u00e2tre et Fachleiter de fran\u00e7ais ;<\/li><li>Madame Berthomier, professeur de latin, de grec et animatrice du club d\u2019\u00e9checs ;<\/li><li>Madame Ramon, professeur de latin, de grec et de th\u00e9\u00e2tre ;<\/li><li>Madame Ippolito, professeur de latin et de grec, enseignant \u00e9galement \u00e0 l\u2019Universit\u00e9 de Potsdam ;<\/li><li>Monsieur Gribenski, professeur de musique et de latin.<\/li><\/ul>\n\n\n\n<hr class=\"wp-block-separator is-style-wide\" \/>\n\n\n\n<p><\/p>\n","protected":false},"excerpt":{"rendered":"<p>Les professeurs L\u2019\u00e9quipe de Lettres Classiques du FG est actuellement compos\u00e9e de six professeurs. Madame Saling, professeur de latin et de grec, Fachleiterin ; Monsieur Oltramare, professeur de latin, de grec, de fran\u00e7ais, de th\u00e9\u00e2tre et Fachleiter de fran\u00e7ais ; Madame Berthomier, professeur de latin, de grec et animatrice du [&hellip;]<\/p>\n","protected":false},"author":580,"featured_media":0,"parent":0,"menu_order":0,"comment_status":"closed","ping_status":"closed","template":"","meta":{"footnotes":""},"class_list":["post-13","page","type-page","status-publish","hentry"],"_links":{"self":[{"href":"https:\/\/www.fg-berlin.eu\/blogs\/langues-anciennes\/wp-json\/wp\/v2\/pages\/13","targetHints":{"allow":["GET"]}}],"collection":[{"href":"https:\/\/www.fg-berlin.eu\/blogs\/langues-anciennes\/wp-json\/wp\/v2\/pages"}],"about":[{"href":"https:\/\/www.fg-berlin.eu\/blogs\/langues-anciennes\/wp-json\/wp\/v2\/types\/page"}],"author":[{"embeddable":true,"href":"https:\/\/www.fg-berlin.eu\/blogs\/langues-anciennes\/wp-json\/wp\/v2\/users\/580"}],"replies":[{"embeddable":true,"href":"https:\/\/www.fg-berlin.eu\/blogs\/langues-anciennes\/wp-json\/wp\/v2\/comments?post=13"}],"version-history":[{"count":10,"href":"https:\/\/www.fg-berlin.eu\/blogs\/langues-anciennes\/wp-json\/wp\/v2\/pages\/13\/revisions"}],"predecessor-version":[{"id":424,"href":"https:\/\/www.fg-berlin.eu\/blogs\/langues-anciennes\/wp-json\/wp\/v2\/pages\/13\/revisions\/424"}],"wp:attachment":[{"href":"https:\/\/www.fg-berlin.eu\/blogs\/langues-anciennes\/wp-json\/wp\/v2\/media?parent=13"}],"curies":[{"name":"wp","href":"https:\/\/api.w.org\/{rel}","templated":true}]}}