{"id":2,"date":"2019-10-09T11:52:42","date_gmt":"2019-10-09T09:52:42","guid":{"rendered":"http:\/\/www.fg-berlin.eu\/blogs\/developpement-durable\/?page_id=2"},"modified":"2026-04-24T15:02:31","modified_gmt":"2026-04-24T13:02:31","slug":"les-projets-en-cours","status":"publish","type":"page","link":"https:\/\/www.fg-berlin.eu\/blogs\/developpement-durable\/les-projets-en-cours\/","title":{"rendered":"Agenda"},"content":{"rendered":"\n<p class=\"has-medium-font-size wp-block-paragraph\"><strong>Au FG<\/strong><\/p>\n\n\n\n<ul class=\"wp-block-list\">\n<li><strong>Mercredi 12 novembre 2025 <\/strong>: Premi\u00e8re r\u00e9union des \u00e9co-d\u00e9l\u00e9gu\u00e9s ! RDV en P8 pour les classes de 5e, 6e, 7e, 8e et 9e. RDV en P9 pour les classes de 10e, 11e, et 12e, en salle E06.<\/li>\n\n\n\n<li><strong>Mercredi 3 d\u00e9cembre 2025 <\/strong>: Deuxi\u00e8me r\u00e9union des \u00e9co-d\u00e9l\u00e9gu\u00e9s ! RDV en P8 pour les classes de 5e, 6e, 7e, 8e et 9e. RDV en P9 pour les classes de 10e, 11e, et 12e, en salle E06.<\/li>\n\n\n\n<li><strong>Samedi<\/strong> <strong>17 janvier 2026 :<\/strong> Journ\u00e9e Portes Ouvertes du Lyc\u00e9e ! Les \u00e9co-d\u00e9l\u00e9gu\u00e9s sont invit\u00e9s \u00e0 venir tenir les stands de pr\u00e9sentation de la d\u00e9marche.<\/li>\n\n\n\n<li><strong>Vendredi<\/strong> <strong>13 f\u00e9vrier 2026 :<\/strong> Troisi\u00e8me r\u00e9union des \u00e9co-d\u00e9l\u00e9gu\u00e9s pour les \u00e9l\u00e8ves de <strong>10e, 11e, 12e. RDV en P6B en salle 311<\/strong>.<\/li>\n\n\n\n<li><strong>Mercredi<\/strong> <strong>18 f\u00e9vrier 2026 :<\/strong> Troisi\u00e8me r\u00e9union des \u00e9co-d\u00e9l\u00e9gu\u00e9s pour les \u00e9l\u00e8ves de <strong>5e, 6e, 7e, 8e, 9e. RDV en P7 en salle E06<\/strong>. <\/li>\n\n\n\n<li><strong>Mercreci 15 avril 2026 : <\/strong>Conf\u00e9rence sur le climat avec Monsieur Beuerle, chercheur sp\u00e9cialiste du changement climatique au centre March Bloch \u00e0 Berlin. Tous les \u00e9co-d\u00e9l\u00e9gu\u00e9s sont invit\u00e9s \u00e0 participer \u00e0 cette conf\u00e9rence. RDV \u00e0 la Villa de 14h \u00e0 15h30.  <\/li>\n<\/ul>\n\n\n\n<p class=\"wp-block-paragraph\"><\/p>\n","protected":false},"excerpt":{"rendered":"<p>Au FG<a class=\"read-more \" href=\"https:\/\/www.fg-berlin.eu\/blogs\/developpement-durable\/les-projets-en-cours\/\" title=\"Read More\"> <span class=\"button default\">Read More<\/span><\/a><\/p>\n","protected":false},"author":578,"featured_media":0,"parent":0,"menu_order":2,"comment_status":"closed","ping_status":"closed","template":"","meta":{"_crdt_document":"{\"document\":\"AAAHzMvbqhmdAvQBCA6IIgYSugYGEjgDAKQCBAIBAgoCQgBKAIABAQIKAEoQAgECCgJMAJQGAQIKAkwAkgYBAgoCTAC4BQECCgKCBQbUBQCqBQECCgKKBQbcBdoYjB4BAgoASsoemBiKBgEBCEgKNNAjAoAlMjzsJr4mAg4CBQADAAYC3AO2AwYaBgLYBrwHAQEIAkpC3AOWBQIGAgSGAQL2BQKWBgMBEBzGB6QDjAICqgPoA9oGHKAGMIIFJDgDAMISmAUCAJgNAOANsA3wDa4OAgqABALOBJYEBgMA1AQAngQAFgIA8iWkBQasBcAqkge6JTKSBgIGAgSID+IGFFGCKwIBAQIBCKwmAQU2AgEE5CeWLQLsBhQcoAYwAQLSDDKYBQKWDdYNng3mDaYNCgEDPgECDJwE3AS0BFjcBIIF6ESSB7olMpIGAgYCBIgPzgbXASgDJwAEACcABACBAIQBgQCEAoEAhAAnACgEJwAoACcABwAoAycBBAAoAScAhwAoAycAKAEnAAcAKAMnAQQAJwCHACgDJwEEACcAhwAoAycBBAAnAIcAKAMnAQQAhAEnAIcAKAMnAQQAhAEnAIcAKAMnASgAJwAoAagAhwAoAicCBACEAMQDwQHEAMEAxADBAMQAwQDEAMEBxACEBYcAKAInAQQAJwCEAMQGwQLEAMEAxADBAMQChADEAYQAxASEAMQBwQDEAEQAxBmoAIQAqACEAMQJhADEziL2IHN0YXRldmVyc2lvbmRvY3VtZW50ZGF0ZWRvY3VtZW50c2x1Z2RvY3VtZW50c3RhdHVzZG9jdW1lbnR0aXRsZUFnZW5kYWRvY3VtZW50Y29udGVudDwhLS0gd3A6cGFyYWdyYXBoIHsiZm9udFNpemUiOiJtZWRpdW0ifSAtLT4KPHAgY2xhc3M9Imhhcy1tZWRpdW0tZm9udC1zaXplIj48c3Ryb25nPkF1IEZHPC9zdHJvbmc+PC9wPgo8IS0tIC93cDpwYXJhZ3JhcGggLS0+Cgo8IS0tIHdwOmxpc3QgLS0+Cjx1bCBjbGFzcz0id3AtYmxvY2stbGlzdCI+PCEtLSB3cDpsaXN0LWl0ZW0gLS0+CjxsaT48c3Ryb25nPk1lcmNyZWRpIDEyIG5vdmVtYnJlIDIwMjUgPC9zdHJvbmc+OiBQcmVtacOocmUgcsOpdW5pb24gZGVzIMOpY28tZMOpbMOpZ3XDqXMgISBSRFYgZW4gUDggcG91ciBsZXMgY2xhc3NlcyBkZSA1ZSwgNmUsIDdlLCA4ZSBldCA5ZS4gUkRWIGVuIFA5IHBvdXIgbGVzIGNsYXNzZXMgZGUgMTBlLCAxMWUsIGV0IDEyZSwgZW4gc2FsbGUgRTA2LjwvbGk+CjwhLS0gL3dwOmxpc3QtaXRlbSAtLT4KCjwhLS0gd3A6bGlzdC1pdGVtIC0tPgo8bGk+PHN0cm9uZz5NZXJjcmVkaSAzIGTDqWNlbWJyZSAyMDI1IDwvc3Ryb25nPjogRGV1eGnDqG1lIHLDqXVuaW9uIGRlcyDDqWNvLWTDqWzDqWd1w6lzICEgUkRWIGVuIFA4IHBvdXIgbGVzIGNsYXNzZXMgZGUgNWUsIDZlLCA3ZSwgOGUgZXQgOWUuIFJEViBlbiBQOSBwb3VyIGxlcyBjbGFzc2VzIGRlIDEwZSwgMTFlLCBldCAxMmUsIGVuIHNhbGxlIEUwNi48L2xpPgo8IS0tIC93cDpsaXN0LWl0ZW0gLS0+Cgo8IS0tIHdwOmxpc3QtaXRlbSAtLT4KPGxpPjxzdHJvbmc+U2FtZWRpPC9zdHJvbmc+IDxzdHJvbmc+MTcgamFudmllciAyMDI2IDo8L3N0cm9uZz4gSm91cm7DqWUgUG9ydGVzIE91dmVydGVzIGR1IEx5Y8OpZSAhIExlcyDDqWNvLWTDqWzDqWd1w6lzIHNvbnQgaW52aXTDqXMgw6AgdmVuaXIgdGVuaXIgbGVzIHN0YW5kcyBkZSBwcsOpc2VudGF0aW9uIGRlIGxhIGTDqW1hcmNoZS48L2xpPgo8IS0tIC93cDpsaXN0LWl0ZW0gLS0+Cgo8IS0tIHdwOmxpc3QtaXRlbSAtLT4KPGxpPjxzdHJvbmc+VmVuZHJlZGk8L3N0cm9uZz4gPHN0cm9uZz4xMyBmw6l2cmllciAyMDI2IDo8L3N0cm9uZz4gVHJvaXNpw6htZSByw6l1bmlvbiBkZXMgw6ljby1kw6lsw6lndcOpcyBwb3VyIGxlcyDDqWzDqHZlcyBkZSA8c3Ryb25nPjEwZSwgMTFlLCAxMmUuIFJEViBlbiBQNkIgZW4gc2FsbGUgMzExPC9zdHJvbmc+PC9saT4KPCEtLSAvd3A6bGlzdC1pdGVtIC0tPgoKPCEtLSB3cDpsaXN0LWl0ZW0gLS0+CjxsaT48c3Ryb25nPk1lcmNyZWRpPC9zdHJvbmc+IDxzdHJvbmc+MTggZsOpdnJpZXIgMjAyNiA6PC9zdHJvbmc+IFRyb2lzacOobWUgcsOpdW5pb24gZGVzIMOpY28tZMOpbMOpZ3XDqXMgcG91ciBsZXMgw6lsw6h2ZXMgZGUgPHN0cm9uZz41ZSwgNmUsIDdlLCA4ZSwgOWUuIFJEViBlbiBQNyBlbiBzYWxsZSBFMDY8L3N0cm9uZz48L2xpPgo8IS0tIC93cDpsaXN0LWl0ZW0gLS0+PHVsPgo8IS0tIC93cDpsaXN0IC0tPgoKPCEtLSB3cDpwYXJhZ3JhcGggLS0+CjxwPjwvcD4KPCEtLSAvd3A6cGFyYWdyYXBoIC0tPmRvY3VtZW50ZXhjZXJwdGRvY3VtZW50YXV0aG9yZG9jdW1lbnRmZWF0dXJlZF9tZWRpYWRvY3VtZW50Y29tbWVudF9zdGF0dXNkb2N1bWVudHBpbmdfc3RhdHVzZG9jdW1lbnR0ZW1wbGF0ZWRvY3VtZW50bWV0YWZvb3Rub3Rlc2RvY3VtZW50YmxvY2tzY2xpZW50SWRpc1ZhbGlkb3JpZ2luYWxDb250ZW50bmFtZWF0dHJpYnV0ZXNjb250ZW50PHN0cm9uZz5BdSBGRzwvc3Ryb25nPmRyb3BDYXBmb250U2l6ZWlubmVyQmxvY2tzY2xpZW50SWRpc1ZhbGlkb3JpZ2luYWxDb250ZW50bmFtZWF0dHJpYnV0ZXNvcmRlcmVkdmFsdWVzaW5uZXJCbG9ja3NjbGllbnRJZGlzVmFsaWRvcmlnaW5hbENvbnRlbnRuYW1lYXR0cmlidXRlc2NvbnRlbnQ8c3Ryb25nPk1lcmNyZWRpIDEyIG5vdmVtYnJlIDIwMjUgPC9zdHJvbmc+OiBQcmVtacOocmUgcsOpdW5pb24gZGVzIMOpY28tZMOpbMOpZ3XDqXMgISBSRFYgZW4gUDggcG91ciBsZXMgY2xhc3NlcyBkZSA1ZSwgNmUsIDdlLCA4ZSBldCA5ZS4gUkRWIGVuIFA5IHBvdXIgbGVzIGNsYXNzZXMgZGUgMTBlLCAxMWUsIGV0IDEyZSwgZW4gc2FsbGUgRTA2LmlubmVyQmxvY2tzY2xpZW50SWRpc1ZhbGlkb3JpZ2luYWxDb250ZW50bmFtZWF0dHJpYnV0ZXNjb250ZW50PHN0cm9uZz5NZXJjcmVkaSAzIGTDqWNlbWJyZSAyMDI1IDwvc3Ryb25nPjogRGV1eGnDqG1lIHLDqXVuaW9uIGRlcyDDqWNvLWTDqWzDqWd1w6lzICEgUkRWIGVuIFA4IHBvdXIgbGVzIGNsYXNzZXMgZGUgNWUsIDZlLCA3ZSwgOGUgZXQgOWUuIFJEViBlbiBQOSBwb3VyIGxlcyBjbGFzc2VzIGRlIDEwZSwgMTFlLCBldCAxMmUsIGVuIHNhbGxlIEUwNi5pbm5lckJsb2Nrc2NsaWVudElkaXNWYWxpZG9yaWdpbmFsQ29udGVudG5hbWVhdHRyaWJ1dGVzY29udGVudDxzdHJvbmc+U2FtZWRpPC9zdHJvbmc+IDxzdHJvbmc+MTcgamFudmllciAyMDI2IDo8L3N0cm9uZz4gSm91cm7DqWUgUG9ydGVzIE91dmVydGVzIGR1IEx5Y8OpZSAhIExlcyDDqWNvLWTDqWzDqWd1w6lzIHNvbnQgaW52aXTDqXMgw6AgdmVuaXIgdGVuaXIgbGVzIHN0YW5kcyBkZSBwcsOpc2VudGF0aW9uIGRlIGxhIGTDqW1hcmNoZS5pbm5lckJsb2Nrc2NsaWVudElkaXNWYWxpZG9yaWdpbmFsQ29udGVudG5hbWVhdHRyaWJ1dGVzY29udGVudDxzdHJvbmc+VmVuZHJlZGk8L3N0cm9uZz4gPHN0cm9uZz4xMyBmw6l2cmllciAyMDI2IDo8L3N0cm9uZz4gVHJvaXNpw6htZSByw6l1bmlvbiBkZXMgw6ljby1kw6lsw6lndcOpcyBwb3VyIGxlcyDDqWzDqHZlcyBkZSA8c3Ryb25nPjEwZSwgMTFlLCAxMmUuIFJEViBlbiBQNkIgZW4gc2FsbGUgMzExICEgPC9zdHJvbmc+aW5uZXJCbG9ja3NjbGllbnRJZGlzVmFsaWRvcmlnaW5hbENvbnRlbnRuYW1lYXR0cmlidXRlc2NvbnRlbnQ8c3Ryb25nPk1lcmNyZWRpPC9zdHJvbmc+IDxzdHJvbmc+MTggZsOpdnJpZXIgMjAyNiA6PC9zdHJvbmc+IFRyb2lzacOobWUgcsOpdW5pb24gZGVzIMOpY28tZMOpbMOpZ3XDqXMgcG91ciBsZXMgw6lsw6h2ZXMgZGUgPHN0cm9uZz41ZSwgNmUsIDdlLCA4ZSwgOWUuIFJEViBlbiBQNyBlbiBzYWxsZSBFMDYgISA8L3N0cm9uZz5pbm5lckJsb2Nrc2NsaWVudElkaXNWYWxpZG9yaWdpbmFsQ29udGVudG5hbWVhdHRyaWJ1dGVzY29udGVudGRyb3BDYXBpbm5lckJsb2Nrc3N0YXRlc2F2ZWRBdHN0YXRlc2F2ZWRCeWNsaWVudElkaXNWYWxpZG5hbWVhdHRyaWJ1dGVzY29udGVudGlubmVyQmxvY2tzTWVyY3JlY2kgMTUgYXZyaWwgMjAyNiA6IENvbmbDqXJlbmNlIHN1ciBsZSBjbGltYXQgYXZlYyAKCiEtLSB3cDpsaXN0LWl0ZW0gLS0+CjxsaT5NZXJjcmVjaSAxNSBhdnJpbCAyMDI2IDogQ29uZsOpcmVuY2Ugc3VyIGxlIGNsaW1hdCBhdmVjICB0dGUgL01vbnNpZXVyIEJldXJlcmVybGUsIGNoZXJjaGV1ciBhdSBjZW50cmUgTWFyY2ggQmxvYyBoIMOgIGJCZXJsaW4uIFJkdkRWIMOgIGxhIFZpbGxhY2xpZW50SWRpc1ZhbGlkbmFtZWF0dHJpYnV0ZXNjb250ZW50UkRWIMOgIGxhIFZpbGxhaW5uZXJCbG9ja3NUb3VzIGxlcyDDqWzDqE1vbnNpZXVyIEJldWVybGUsIGNoZXJjaGV1ciBhdSBjZW50cmUgTWFyY2ggQmxvY2ggw6AgQmVybGluLiBUb3VzIGxlcyDDqWxlIFJEViDDoCBsYSBWaWxsYTxsaT4KPCEtLSAvd3A6bGlzdC1pdGVtIC0tPjwvdmVzIHNvbsOpY28tZMOpbMOpZ3XDqXMgc29udCBpbnZpdMOpcyDDoCBwYXJ0aWNpcGVyIGNvLWTDqcOpZ3XDqXMgc29udCBpbnZpdMOpcyDDoCBwYXJ0aWNpcGVyIMOgIGNldHRlIGNvbmbDqXJyZW5jZSByZW5jZSAuIFJEViDDoCBsYSBWaWxsYSBkZSA0MTXDoGNlY29uZsOpcm5jZS4gZGUgMScnNGggw6AgMTVoIsOgMzAgOiEgNGggw6AgMTVoMzAgIDxzdHJvbmc+PC9zdHJvbmc+c3DDqWNpYWxpc2F0ZSBkdXIgc3DDqWNpYWxpc2F0ZSBkdSB1ciBzcMOpY2lhbGlzYXRlIGRhdSBjZW50cmUgTWFyY2ggQmxvY2ggw6AgQmVybGluLiBUb3VzIGxlcyDDqWNvLWTDqWzDqWd1w6lzIHNvbnQgaW52aXTDqXMgw6AgcGFydGljaXBlciDDoCBjZXR0ZSBjb25mw6lyZW5jZS4gUkRWIMOgIGxhIFZpbGxhIGRlIDE0aCDDoCAxNWgzMCAhdGUgY3UgZHl1IGNoYW5nZW1lbnQgY2xpYXRpcXVlbWF0aXF1ZSAuLiAuLiA8c3Ryb25nPjwvc3Ryb25nPnNww6ljaWxpc3RlIGRoYW5nbWUgY2xpbWF0aXF1ZSBhdSBjZW50LiAuBQcIBAgECAYIBQYIB4QRCZ0DCRwBiwEIBwgGCA4IDggLSAEECQgGCAcPBAoHFgcICwgHDwQKBwYLCAcPBAoHggMLCAcPBAoHgQMLCAcPBAoHtAILCAcPBAoHoQIDCQsIBw8ECgelAgMJCwgHDwQKRwALBQcFBwgHBAoHCxkeAlkAHkEAAkEADAMNAwExCAcECgcOCwwcAQMBAiNBAQ4BHC4FIDEBAgYEBRIKQQAICQUBAwEEEgEMAQWAAkEAQwBBAAQBCwEFQQAGAQIBAggJBQcEAhNBARMBBAAAAQAAAAEGAAABAABDAQEAK0IBAQBBAAIAQQAAQQACAEEAAgBBAAIAQQACAEEAAgBBAAIAQQACAEEAAgATQQJDAEExCAcCAQNBAwIOAQhBAQHdAQB9AXcTMjAxOS0xMC0wOVQxMTo1Mjo0MncUbGVzLXByb2pldHMtZW4tY291cnN3B3B1Ymxpc2h9ggl9AHcGY2xvc2VkdwZjbG9zZWR3AHcAdyRjN2QzY2M2Ny0yNzk2LTQxNzctYjUzZi0yMDYzYmJkMWRiMGF4dzo8cCBjbGFzcz0iaGFzLW1lZGl1bS1mb250LXNpemUiPjxzdHJvbmc+QXUgRkc8L3N0cm9uZz48L3A+dw5jb3JlL3BhcmFncmFwaHl3Bm1lZGl1bXckOGNhZDNkOWYtNjIzMy00MGI4LThhZjgtNzdlMWE0YjEzZjg5eHcnPHVsIGNsYXNzPSJ3cC1ibG9jay1saXN0Ij4KCgoKCgoKCjwvdWw+dwljb3JlL2xpc3R5dwB3JDMxMGFkNjJmLTY2ODYtNGUwOS1iMzM4LWVlZmIxMTBhMzdhZXh30QE8bGk+PHN0cm9uZz5NZXJjcmVkaSAxMiBub3ZlbWJyZSAyMDI1IDwvc3Ryb25nPjogUHJlbWnDqHJlIHLDqXVuaW9uIGRlcyDDqWNvLWTDqWzDqWd1w6lzICEgUkRWIGVuIFA4IHBvdXIgbGVzIGNsYXNzZXMgZGUgNWUsIDZlLCA3ZSwgOGUgZXQgOWUuIFJEViBlbiBQOSBwb3VyIGxlcyBjbGFzc2VzIGRlIDEwZSwgMTFlLCBldCAxMmUsIGVuIHNhbGxlIEUwNi48L2xpPncOY29yZS9saXN0LWl0ZW13JGI0MzliYzFmLWIzYzAtNDQ3Yy05YTdiLWIyZmJmYmI4Yjk0Nnh30QE8bGk+PHN0cm9uZz5NZXJjcmVkaSAzIGTDqWNlbWJyZSAyMDI1IDwvc3Ryb25nPjogRGV1eGnDqG1lIHLDqXVuaW9uIGRlcyDDqWNvLWTDqWzDqWd1w6lzICEgUkRWIGVuIFA4IHBvdXIgbGVzIGNsYXNzZXMgZGUgNWUsIDZlLCA3ZSwgOGUgZXQgOWUuIFJEViBlbiBQOSBwb3VyIGxlcyBjbGFzc2VzIGRlIDEwZSwgMTFlLCBldCAxMmUsIGVuIHNhbGxlIEUwNi48L2xpPncOY29yZS9saXN0LWl0ZW13JDU0MGYzNjM1LTkyMGUtNDNmYi1iYzAxLWZkNzUxMmVkNjg0ZXh3xwE8bGk+PHN0cm9uZz5TYW1lZGk8L3N0cm9uZz4gPHN0cm9uZz4xNyBqYW52aWVyIDIwMjYgOjwvc3Ryb25nPiBKb3VybsOpZSBQb3J0ZXMgT3V2ZXJ0ZXMgZHUgTHljw6llICEgTGVzIMOpY28tZMOpbMOpZ3XDqXMgc29udCBpbnZpdMOpcyDDoCB2ZW5pciB0ZW5pciBsZXMgc3RhbmRzIGRlIHByw6lzZW50YXRpb24gZGUgbGEgZMOpbWFyY2hlLjwvbGk+dw5jb3JlL2xpc3QtaXRlbXckZGI2N2IyMGQtNjBhZS00ZmVjLTkwNDQtMDY2NzJmZjQyMDgzeHe\/ATxsaT48c3Ryb25nPlZlbmRyZWRpPC9zdHJvbmc+IDxzdHJvbmc+MTMgZsOpdnJpZXIgMjAyNiA6PC9zdHJvbmc+IFRyb2lzacOobWUgcsOpdW5pb24gZGVzIMOpY28tZMOpbMOpZ3XDqXMgcG91ciBsZXMgw6lsw6h2ZXMgZGUgPHN0cm9uZz4xMGUsIDExZSwgMTJlLiBSRFYgZW4gUDZCIGVuIHNhbGxlIDMxMSAhIDwvc3Ryb25nPjwvbGk+dw5jb3JlL2xpc3QtaXRlbXckMTQ5NWUxZTYtOWIwMC00NTFiLWJlZmMtNTEwMWExMzFmMzEzeHfDATxsaT48c3Ryb25nPk1lcmNyZWRpPC9zdHJvbmc+IDxzdHJvbmc+MTggZsOpdnJpZXIgMjAyNiA6PC9zdHJvbmc+IFRyb2lzacOobWUgcsOpdW5pb24gZGVzIMOpY28tZMOpbMOpZ3XDqXMgcG91ciBsZXMgw6lsw6h2ZXMgZGUgPHN0cm9uZz41ZSwgNmUsIDdlLCA4ZSwgOWUuIFJEViBlbiBQNyBlbiBzYWxsZSBFMDYgISA8L3N0cm9uZz48L2xpPncOY29yZS9saXN0LWl0ZW13JDZmYWE1YzBhLTY5Y2MtNDBmNC1iMTZjLTVlZDI1NGExOTgyMXh3BzxwPjwvcD53DmNvcmUvcGFyYWdyYXBoeXtCedv40UwwAHtB6VVuWYAAAHckY2I4YWY5MDctM2JhZS00NWRiLThlYmUtZDM3MjUzMjc1MjlidyQ4NjdiNWNhMy0zNjE2LTQxM2UtYWJlYS0zY2FlNWI1OTVhNWN4dw5jb3JlL2xpc3QtaXRlbXckYzhmZDUxMjAtMzM1OC00OGJlLWIyMzktM2I2OGEyYTMwZDUweHcOY29yZS9saXN0LWl0ZW13JDA4NjhhOTA1LWNmOWUtNGI3MS1hNWNhLTllNGIxZjQ1ZjEzNXckNzc5MzNmZjktOGRkNC00MGFmLTk1OWYtZTg0NWE5ZTE3MjEyAczlrdUMHNAIAuYBAiYAdQDXBACmAQILAKoBAqYBCAEGAQECAAEDDQINVUcQAQABBystJTASEQsAEiANBIEBAAMCAQAQBQ==\",\"updateId\":558348311}","footnotes":""},"class_list":["post-2","page","type-page","status-publish","hentry"],"_links":{"self":[{"href":"https:\/\/www.fg-berlin.eu\/blogs\/developpement-durable\/wp-json\/wp\/v2\/pages\/2","targetHints":{"allow":["GET"]}}],"collection":[{"href":"https:\/\/www.fg-berlin.eu\/blogs\/developpement-durable\/wp-json\/wp\/v2\/pages"}],"about":[{"href":"https:\/\/www.fg-berlin.eu\/blogs\/developpement-durable\/wp-json\/wp\/v2\/types\/page"}],"author":[{"embeddable":true,"href":"https:\/\/www.fg-berlin.eu\/blogs\/developpement-durable\/wp-json\/wp\/v2\/users\/578"}],"replies":[{"embeddable":true,"href":"https:\/\/www.fg-berlin.eu\/blogs\/developpement-durable\/wp-json\/wp\/v2\/comments?post=2"}],"version-history":[{"count":17,"href":"https:\/\/www.fg-berlin.eu\/blogs\/developpement-durable\/wp-json\/wp\/v2\/pages\/2\/revisions"}],"predecessor-version":[{"id":581,"href":"https:\/\/www.fg-berlin.eu\/blogs\/developpement-durable\/wp-json\/wp\/v2\/pages\/2\/revisions\/581"}],"wp:attachment":[{"href":"https:\/\/www.fg-berlin.eu\/blogs\/developpement-durable\/wp-json\/wp\/v2\/media?parent=2"}],"curies":[{"name":"wp","href":"https:\/\/api.w.org\/{rel}","templated":true}]}}